{"id":2798,"date":"2015-07-07T12:40:26","date_gmt":"2015-07-07T12:40:26","guid":{"rendered":"https:\/\/gecstrategie.com\/?page_id=2798"},"modified":"2020-09-29T17:44:10","modified_gmt":"2020-09-29T17:44:10","slug":"home","status":"publish","type":"page","link":"https:\/\/gecstrategie.com\/","title":{"rendered":"Home"},"content":{"rendered":"<p>[vc_row header_feature=\u00a0\u00bbyes\u00a0\u00bb padding_top=\u00a0\u00bb120&Prime; padding_bottom=\u00a0\u00bb120&Prime; margin_bottom=\u00a0\u00bb0&Prime;][vc_column][vc_column_text animation=\u00a0\u00bbfadeInLeft\u00a0\u00bb]<\/p>\n<h1 style=\"color: #073259; font-weight: 300;\"><span style=\"color: #3195da; font-weight: 600; display: block;\">L\u2019ex\u00e9cution strat\u00e9gique<\/span>L&rsquo;innovation en planification strat\u00e9gique<\/h1>\n<p>[\/vc_column_text][vc_column_text text_style=\u00a0\u00bbleader-text\u00a0\u00bb animation=\u00a0\u00bbfadeInLeft\u00a0\u00bb animation_delay=\u00a0\u00bb250&Prime;]Que vous soyez en <b style=\"font-weight: bold;\">croissance<\/b>, en <b style=\"font-weight: bold;\">hyper-croissance<\/b> ou en <b style=\"font-weight: bold;\">restructuration<\/b>, avoir les bonnes strat\u00e9gies et votre personnel align\u00e9 et mobilis\u00e9 est la meilleure fa\u00e7on d\u2019assurer votre succ\u00e8s.[\/vc_column_text][\/vc_column][\/vc_row][vc_row margin_bottom=\u00a0\u00bb0&Prime; padding_bottom=\u00a0\u00bb120&Prime;][vc_column width=\u00a0\u00bb1\/3&Prime;]<div class=\"eut-element eut-slogan eut-align-left eut-animated-item eut-fadeInLeft\" style=\"\" data-delay=\"300\"><h4 class=\"eut-slogan-title eut-align-left eut-title-no-line\"><span>Atteindre tous vos objectifs<\/span><\/h4>  <p class=\"\">Par un processus rigoureux, des outils innovants, un alignement de vos ressources et un suivi encadr\u00e9, vous serez en mesure d\u2019atteindre l\u2019ensemble de vos objectifs.<\/p><\/div>[\/vc_column][vc_column width=\u00a0\u00bb1\/3&Prime;]<div class=\"eut-element eut-slogan eut-align-left eut-animated-item eut-fadeInLeft\" style=\"\" data-delay=\"400\"><h4 class=\"eut-slogan-title eut-align-left eut-title-no-line\"><span>Mettre en place un processus strat\u00e9gique ouvert<\/span><\/h4>  <p class=\"\">Par des outils innovants, nous nous assurons que le processus menant \u00e0 vos strat\u00e9gies d\u2019affaires incorpore l\u2019ensemble des meilleures pratiques et id\u00e9es de l\u2019organisation.<\/p><\/div>[\/vc_column][vc_column width=\u00a0\u00bb1\/3&Prime;]<div class=\"eut-element eut-slogan eut-align-left eut-animated-item eut-fadeInLeft\" style=\"\" data-delay=\"500\"><h4 class=\"eut-slogan-title eut-align-left eut-title-no-line\"><span>Impliquer et mobiliser vos employ\u00e9s<\/span><\/h4>  <p class=\"\">Par la mise en commun des objectifs, l\u2019alignement organisationnel et la participation de vos employ\u00e9s, vous serez en mesure de mobiliser 100% des ressources sur vos objectifs.<\/p><\/div>[\/vc_column][\/vc_row][vc_row section_type=\u00a0\u00bbfullwidth-element\u00a0\u00bb margin_bottom=\u00a0\u00bb0&Prime;][vc_column]<div class=\"eut-element eut-hr \" style=\"\"><div class=\"eut-line-divider\"><\/div><\/div>[\/vc_column][\/vc_row][vc_row padding_top=\u00a0\u00bb120&Prime; padding_bottom=\u00a0\u00bb120&Prime; margin_bottom=\u00a0\u00bb0&Prime;][vc_column]<div class=\"eut-element eut-image-text eut-animated-item eut-fadeIn\" style=\"\" data-delay=\"200\"><div class=\"eut-image\"><img width=\"768\" height=\"542\" src=\"https:\/\/gecstrategie.com\/wp-content\/uploads\/2020\/09\/exe\u0301cution-strat.jpg\" class=\"attachment-full size-full\" alt=\"\" loading=\"lazy\" srcset=\"https:\/\/gecstrategie.com\/wp-content\/uploads\/2020\/09\/exe\u0301cution-strat.jpg 768w, https:\/\/gecstrategie.com\/wp-content\/uploads\/2020\/09\/exe\u0301cution-strat-300x212.jpg 300w, https:\/\/gecstrategie.com\/wp-content\/uploads\/2020\/09\/exe\u0301cution-strat-600x423.jpg 600w\" sizes=\"(max-width: 768px) 100vw, 768px\" \/><\/div>  <div class=\"eut-content eut-align-left\"><h3>\u00c0 quoi sert l\u2019ex\u00e9cution strat\u00e9gique?<\/h3>  <p><\/p>\n<ul>\n<li>Pour impliquer vos gens<\/li>\n<li>Pour aligner votre progression<\/li>\n<li>Pour l\u2019ex\u00e9cution de vos objectifs<\/li>\n<li>Pour faire atterir vos objectifs en projets concrets<\/li>\n<li>Pour mobiliser vos gens sur des objectifs communs<\/li>\n<li>Pour plus de coh\u00e9rence, clart\u00e9 et alignement<\/li>\n<li>Pour concentrer l\u2019\u00e9nergie (capital, ressources, temps) sur des objectifs communs<\/li>\n<\/ul>\n<p><\/p>  <\/div><\/div>[\/vc_column][\/vc_row][vc_row heading_color=\u00a0\u00bblight\u00a0\u00bb section_type=\u00a0\u00bbfullwidth-element\u00a0\u00bb bg_type=\u00a0\u00bbcolor\u00a0\u00bb font_color=\u00a0\u00bb#c6c6c6&Prime; bg_color=\u00a0\u00bb#555f7d\u00a0\u00bb margin_bottom=\u00a0\u00bb0&Prime;][vc_column]<div class=\"eut-element eut-image-text eut-animated-item eut-fadeIn blue-bg-diagonal\" style=\"\" data-delay=\"200\"><div class=\"eut-image\"><img width=\"960\" height=\"663\" src=\"https:\/\/gecstrategie.com\/wp-content\/uploads\/2020\/09\/defi-planif.jpg\" class=\"attachment-full size-full\" alt=\"\" loading=\"lazy\" srcset=\"https:\/\/gecstrategie.com\/wp-content\/uploads\/2020\/09\/defi-planif.jpg 960w, https:\/\/gecstrategie.com\/wp-content\/uploads\/2020\/09\/defi-planif-300x207.jpg 300w, https:\/\/gecstrategie.com\/wp-content\/uploads\/2020\/09\/defi-planif-768x530.jpg 768w, https:\/\/gecstrategie.com\/wp-content\/uploads\/2020\/09\/defi-planif-600x414.jpg 600w\" sizes=\"(max-width: 960px) 100vw, 960px\" \/><\/div>  <div class=\"eut-content eut-align-left\"><h3>Le d\u00e9fi en planification strat\u00e9gique<\/h3>  <p><\/p>\n<ul class=\"white-list\">\n<li>Environ 70% des strat\u00e9gies d\u00e9finies ne sont pas ex\u00e9cut\u00e9s<\/li>\n<li>Seulement 11% des priorit\u00e9s strat\u00e9giques ont les ressources n\u00e9cessaires pour \u00eatre accomplies<\/li>\n<li>La moiti\u00e9 des gestionnaires ne peuvent pas identifier au moins une des 3 priorit\u00e9s de l\u2019organisation<\/li>\n<\/ul>\n<p><\/p>  <\/div><\/div>[\/vc_column][\/vc_row][vc_row heading_color=\u00a0\u00bblight\u00a0\u00bb bg_type=\u00a0\u00bbcolor\u00a0\u00bb padding_top=\u00a0\u00bb70&Prime; padding_bottom=\u00a0\u00bb70&Prime; font_color=\u00a0\u00bbrgba(255,255,255,0.62)\u00a0\u00bb bg_color=\u00a0\u00bb#003158&Prime; margin_bottom=\u00a0\u00bb0&Prime;][vc_column]<div class=\"eut-element eut-slogan eut-align-center eut-animated-item eut-fadeInUp\" style=\"\" data-delay=\"400\"><h2 class=\"eut-slogan-title eut-align-center eut-title-no-line\"><span>Pr\u00eat \u00e0 d\u00e9couvrir la m\u00e9thode GEC?<\/span><\/h2>  <p class=\"eut-leader-text\">Notre \u00e9quipe se fera un plaisir de r\u00e9pondre \u00e0 toutes vos questions et d\u2019entamer votre planification strat\u00e9gique dans les plus brefs d\u00e9lais.<\/p><div class=\"eut-btn-wrapper\"><a class=\"eut-btn eut-btn-medium eut-round eut-bg-primary-1\" href=\"#form-box\" target=\"_self\" style=\"\"><span>R\u00e9server mon \u00e9valuation gratuite<\/span><\/a><\/div><\/div>[\/vc_column][\/vc_row][vc_row section_type=\u00a0\u00bbfullwidth-element\u00a0\u00bb flex_height=\u00a0\u00bbyes\u00a0\u00bb margin_bottom=\u00a0\u00bb0&Prime;][vc_column width=\u00a0\u00bb1\/2&Prime; tablet_width=\u00a0\u00bb1-3&Prime; tablet_sm_width=\u00a0\u00bb1&Prime; css=\u00a0\u00bb.vc_custom_1600185089732{background-image: url(https:\/\/gecstrategie.com\/wp-content\/uploads\/2020\/09\/left-high-picture.jpg?id=6272) !important;background-position: center !important;background-repeat: no-repeat !important;background-size: cover !important;}\u00a0\u00bb][vc_empty_space height=\u00a0\u00bb500&Prime;][\/vc_column][vc_column width=\u00a0\u00bb1\/2&Prime; tablet_width=\u00a0\u00bb2-3&Prime; tablet_sm_width=\u00a0\u00bb1&Prime; css=\u00a0\u00bb.vc_custom_1438857560160{padding-top: 12% !important;padding-right: 15% !important;padding-bottom: 12% !important;padding-left: 15% !important;}\u00a0\u00bb][vc_column_text animation=\u00a0\u00bbfadeInUp\u00a0\u00bb animation_delay=\u00a0\u00bb400&Prime;]<\/p>\n<h1 style=\"line-height: 30px; margin-bottom: 10px;\">\u00c9tape 1:<br \/>\n<span style=\"font-size: 24px; line-height: 1px;\">D\u00e9finir votre ADN et vos objectifs<\/span><\/h1>\n<p><span style=\"line-height: 1.4em;\"><br \/>\n\u00c9tablir et clarifier \u00e0 partir de votre identit\u00e9 organisationnelle vos objectifs et votre cause d\u2019affaires<\/span>[\/vc_column_text]<div class=\"eut-element eut-hr \" style=\"\"><div class=\"eut-line-divider\"><\/div><\/div>[vc_column_text animation=\u00a0\u00bbfadeInUp\u00a0\u00bb animation_delay=\u00a0\u00bb800&Prime;]<\/p>\n<h1 style=\"line-height: 30px; margin-bottom: 10px;\">\u00c9tape 2:<br \/>\n<span style=\"font-size: 24px; line-height: 1px;\">D\u00e9velopper les strat\u00e9gies gagnantes<\/span><\/h1>\n<p><span style=\"line-height: 1.4em;\">Analyse et d\u00e9veloppement des strat\u00e9gies qui vous permettront d\u2019atteindre vos objectifs<\/span>[\/vc_column_text]<div class=\"eut-element eut-hr \" style=\"\"><div class=\"eut-line-divider\"><\/div><\/div>[vc_column_text animation=\u00a0\u00bbfadeInUp\u00a0\u00bb animation_delay=\u00a0\u00bb1200&Prime;]<\/p>\n<h1 style=\"line-height: 30px; margin-bottom: 10px;\">\u00c9tape 3:<br \/>\n<span style=\"font-size: 24px; line-height: 1px;\">D\u00e9velopper une discipline d\u2019ex\u00e9cution<\/span><\/h1>\n<p><span style=\"line-height: 1.4em;\">Mise en place des outils qui assureront l&rsquo;ex\u00e9cution de vos strat\u00e9gies<\/span>[\/vc_column_text][\/vc_column][\/vc_row][vc_row heading_color=\u00a0\u00bbgrey\u00a0\u00bb bg_type=\u00a0\u00bbimage\u00a0\u00bb bg_image=\u00a0\u00bb5698&Prime; bg_image_type=\u00a0\u00bbparallax\u00a0\u00bb color_overlay=\u00a0\u00bbdark\u00a0\u00bb opacity_overlay=\u00a0\u00bb60&Prime; desktop_visibility=\u00a0\u00bbhide\u00a0\u00bb tablet_visibility=\u00a0\u00bbhide\u00a0\u00bb tablet_sm_visibility=\u00a0\u00bbhide\u00a0\u00bb mobile_visibility=\u00a0\u00bbhide\u00a0\u00bb padding_top=\u00a0\u00bb150&Prime; padding_bottom=\u00a0\u00bb150&Prime; margin_bottom=\u00a0\u00bb0&Prime;][vc_column width=\u00a0\u00bb1\/4&Prime; css=\u00a0\u00bb.vc_custom_1438867773509{border-right-width: 1px !important;border-right-color: #474747 !important;border-right-style: solid !important;}\u00a0\u00bb]<div class=\"eut-element eut-counter eut-align-center eut-animated-item eut-fadeInUp\" style=\"\" data-delay=\"400\">  <div class=\"eut-counter-content\">    <div class=\"eut-counter-item eut-color-white eut-small\">      <span data-thousands-separator-vis=\"\" data-thousands-separator=\",\" data-prefix=\"\" data-suffix=\"\" data-start-val=\"0\" data-end-val=\"14857\" data-decimal-points=\"0\" data-decimal-separator=\".\">0<\/span>    <\/div>\t<h5 class=\"eut-counter-title\">Clean code lines<\/h5>  <\/div><\/div>[\/vc_column][vc_column width=\u00a0\u00bb1\/4&Prime; css=\u00a0\u00bb.vc_custom_1438867780821{border-right-width: 1px !important;border-right-color: #474747 !important;border-right-style: solid !important;}\u00a0\u00bb]<div class=\"eut-element eut-counter eut-align-center eut-animated-item eut-fadeInUp\" style=\"\" data-delay=\"800\">  <div class=\"eut-counter-content\">    <div class=\"eut-counter-item eut-color-white eut-small\">      <span data-thousands-separator-vis=\"\" data-thousands-separator=\",\" data-prefix=\"\" data-suffix=\"\" data-start-val=\"0\" data-end-val=\"2200\" data-decimal-points=\"0\" data-decimal-separator=\".\">0<\/span>    <\/div>\t<h5 class=\"eut-counter-title\">Satisfied Customers<\/h5>  <\/div><\/div>[\/vc_column][vc_column width=\u00a0\u00bb1\/4&Prime; css=\u00a0\u00bb.vc_custom_1438867787041{border-right-width: 1px !important;border-right-color: #474747 !important;border-right-style: solid !important;}\u00a0\u00bb]<div class=\"eut-element eut-counter eut-align-center eut-animated-item eut-fadeInUp\" style=\"\" data-delay=\"1200\">  <div class=\"eut-counter-content\">    <div class=\"eut-counter-item eut-color-white eut-small\">      <span data-thousands-separator-vis=\"\" data-thousands-separator=\",\" data-prefix=\"\" data-suffix=\"\" data-start-val=\"0\" data-end-val=\"194\" data-decimal-points=\"0\" data-decimal-separator=\".\">0<\/span>    <\/div>\t<h5 class=\"eut-counter-title\">Working Days<\/h5>  <\/div><\/div>[\/vc_column][vc_column width=\u00a0\u00bb1\/4&Prime;]<div class=\"eut-element eut-counter eut-align-center eut-animated-item eut-fadeInUp\" style=\"\" data-delay=\"1600\">  <div class=\"eut-counter-content\">    <div class=\"eut-counter-item eut-color-white eut-small\">      <span data-thousands-separator-vis=\"\" data-thousands-separator=\",\" data-prefix=\"+\" data-suffix=\"\" data-start-val=\"0\" data-end-val=\"245\" data-decimal-points=\"0\" data-decimal-separator=\".\">0<\/span>    <\/div>\t<h5 class=\"eut-counter-title\">Theme Options<\/h5>  <\/div><\/div>[\/vc_column][\/vc_row][vc_row bg_type=\u00a0\u00bbcolor\u00a0\u00bb footer_feature=\u00a0\u00bbyes\u00a0\u00bb desktop_visibility=\u00a0\u00bbhide\u00a0\u00bb tablet_visibility=\u00a0\u00bbhide\u00a0\u00bb tablet_sm_visibility=\u00a0\u00bbhide\u00a0\u00bb mobile_visibility=\u00a0\u00bbhide\u00a0\u00bb margin_bottom=\u00a0\u00bb0&Prime; padding_top=\u00a0\u00bb120&Prime; padding_bottom=\u00a0\u00bb120&Prime; bg_color=\u00a0\u00bb#f8f9fd\u00a0\u00bb][vc_column css=\u00a0\u00bb.vc_custom_1435424496553{padding-right: 15% !important;padding-left: 15% !important;}\u00a0\u00bb]<h4 class=\"eut-element eut-align-center eut-title-no-line\" style=\"\"><span>Our partners say<\/span><\/h4>\t\t\t<div class=\"eut-element eut-testimonial eut-carousel-element eut-align-center\" style=\"\" data-slider-autoplay=\"no\" data-slider-speed=\"4500\" data-slider-pause=\"no\" data-pagination-speed=\"400\">\r\n\r\n\t\t\t\t\r\n\t\t\t\t\t\t<div class=\"eut-testimonial-element\">\r\n\t\t\t\t\t<p>Lorem ipsum dolor sit amet, consetetur sadipscing elitr, sed diam nonumy eirmod tempor invidunt ut labore et dolore magna aliquyam erat, sed diam voluptua. At vero eos et accusam et justo duo dolores et ea rebum. Stet clita kasd gubergren, no sea takimata sanctus est Lorem ipsum dolor sit amet. Lorem ipsum dolor sit amet, consetetur sadipscing elitr, sed diam nonumy eirmod tempor invidunt ut labore et dolore magna aliquyam erat, sed diam voluptua. At vero eos et accusam et justo duo dolores et ea rebum. Stet clita kasd gubergren, no sea takimata sanctus est Lorem ipsum dolor sit amet. Lorem ipsum dolor sit amet, consetetur sadipscing elitr, sed diam nonumy eirmod tempor invidunt ut labore et dolore magna aliquyam erat, sed diam voluptua. At vero eos et accusam et justo duo dolores et ea rebum. Stet clita kasd gubergren, no sea takimata sanctus est Lorem ipsum dolor sit amet.<\/p>\n\t\t\t\t\t\t\t\t\t\t<div class=\"eut-testimonial-name\">Test<\/div>\r\n\t\t\t\t\t\t\t\t\t<\/div>\r\n\t\t\t\t\t\t\t\t\t<\/div>\r\n\r\n\t\t[\/vc_column][\/vc_row][vc_row bg_type=\u00a0\u00bbcolor\u00a0\u00bb id=\u00a0\u00bb5&Prime; title=\u00a0\u00bb\u00a0\u00bb padding_top=\u00a0\u00bb50px\u00a0\u00bb section_id=\u00a0\u00bbform-box\u00a0\u00bb bg_color=\u00a0\u00bb#007cb6&Prime; padding_bottom=\u00a0\u00bb50px\u00a0\u00bb margin_bottom=\u00a0\u00bb0&Prime; el_class=\u00a0\u00bbcontact-section\u00a0\u00bb][vc_column width=\u00a0\u00bb1\/4&Prime;][\/vc_column][vc_column width=\u00a0\u00bb1\/2&Prime;]<h3 class=\"eut-element eut-align-left eut-title-no-line light-title\" style=\"margin-bottom: 5px;\"><span>R\u00e9servez votre \u00e9valuation gratuite<\/span><\/h3>[vc_column_text css=\u00a0\u00bb.vc_custom_1601307955865{margin-bottom: 10px !important;}\u00a0\u00bb]<span style=\"color: #fff;\">Notre \u00e9quipe se fera un plaisir de r\u00e9pondre \u00e0 toutes vos questions et d\u2019officialiser votre rendez-vous dans les plus brefs d\u00e9lais.<\/span>[\/vc_column_text]<div role=\"form\" class=\"wpcf7\" id=\"wpcf7-f5-o1\" lang=\"fr-CA\" dir=\"ltr\">\n<div class=\"screen-reader-response\" role=\"alert\" aria-live=\"polite\"><\/div>\n<form action=\"\/index.php?rest_route=%2Fwp%2Fv2%2Fpages%2F2798#wpcf7-f5-o1\" method=\"post\" class=\"wpcf7-form init\" novalidate=\"novalidate\">\n<div style=\"display: none;\">\n<input type=\"hidden\" name=\"_wpcf7\" value=\"5\" \/>\n<input type=\"hidden\" name=\"_wpcf7_version\" value=\"5.2.2\" \/>\n<input type=\"hidden\" name=\"_wpcf7_locale\" value=\"fr_CA\" \/>\n<input type=\"hidden\" name=\"_wpcf7_unit_tag\" value=\"wpcf7-f5-o1\" \/>\n<input type=\"hidden\" name=\"_wpcf7_container_post\" value=\"0\" \/>\n<input type=\"hidden\" name=\"_wpcf7_posted_data_hash\" value=\"\" \/>\n<\/div>\n<p><label> Votre nom (requis)<br \/>\n    <span class=\"wpcf7-form-control-wrap your-name\"><input type=\"text\" name=\"your-name\" value=\"\" size=\"40\" class=\"wpcf7-form-control wpcf7-text wpcf7-validates-as-required\" aria-required=\"true\" aria-invalid=\"false\" \/><\/span> <\/label><\/p>\n<p><label> Votre courriel (requis)<br \/>\n    <span class=\"wpcf7-form-control-wrap your-email\"><input type=\"email\" name=\"your-email\" value=\"\" size=\"40\" class=\"wpcf7-form-control wpcf7-text wpcf7-email wpcf7-validates-as-required wpcf7-validates-as-email\" aria-required=\"true\" aria-invalid=\"false\" \/><\/span> <\/label><\/p>\n<p><label> Sujet<br \/>\n    <span class=\"wpcf7-form-control-wrap your-subject\"><input type=\"text\" name=\"your-subject\" value=\"\" size=\"40\" class=\"wpcf7-form-control wpcf7-text\" aria-invalid=\"false\" \/><\/span> <\/label><\/p>\n<p><label> Votre message<br \/>\n    <span class=\"wpcf7-form-control-wrap your-message\"><textarea name=\"your-message\" cols=\"40\" rows=\"10\" class=\"wpcf7-form-control wpcf7-textarea\" aria-invalid=\"false\"><\/textarea><\/span> <\/label><\/p>\n<p><input type=\"submit\" value=\"Envoyer\" class=\"wpcf7-form-control wpcf7-submit\" \/><\/p>\n<div class=\"wpcf7-response-output\" role=\"alert\" aria-hidden=\"true\"><\/div><\/form><\/div>[\/vc_column][vc_column width=\u00a0\u00bb1\/4&Prime;][\/vc_column][\/vc_row]<\/p>\n","protected":false},"excerpt":{"rendered":"<p>[vc_row header_feature=\u00a0\u00bbyes\u00a0\u00bb padding_top=\u00a0\u00bb120&Prime; padding_bottom=\u00a0\u00bb120&Prime; margin_bottom=\u00a0\u00bb0&Prime;][vc_column][vc_column_text animation=\u00a0\u00bbfadeInLeft\u00a0\u00bb] L\u2019ex\u00e9cution strat\u00e9giqueL&rsquo;innovation en planification strat\u00e9gique [\/vc_column_text][vc_column_text text_style=\u00a0\u00bbleader-text\u00a0\u00bb animation=\u00a0\u00bbfadeInLeft\u00a0\u00bb animation_delay=\u00a0\u00bb250&Prime;]Que vous soyez en croissance, en hyper-croissance ou en restructuration, avoir les bonnes strat\u00e9gies et votre personnel align\u00e9 et mobilis\u00e9 est la meilleure fa\u00e7on d\u2019assurer votre succ\u00e8s.[\/vc_column_text][\/vc_column][\/vc_row][vc_row margin_bottom=\u00a0\u00bb0&Prime; padding_bottom=\u00a0\u00bb120&Prime;][vc_column width=\u00a0\u00bb1\/3&Prime;][\/vc_column][vc_column width=\u00a0\u00bb1\/3&Prime;][\/vc_column][vc_column width=\u00a0\u00bb1\/3&Prime;][\/vc_column][\/vc_row][vc_row section_type=\u00a0\u00bbfullwidth-element\u00a0\u00bb margin_bottom=\u00a0\u00bb0&Prime;][vc_column][\/vc_column][\/vc_row][vc_row padding_top=\u00a0\u00bb120&Prime; padding_bottom=\u00a0\u00bb120&Prime; margin_bottom=\u00a0\u00bb0&Prime;][vc_column][\/vc_column][\/vc_row][vc_row heading_color=\u00a0\u00bblight\u00a0\u00bb section_type=\u00a0\u00bbfullwidth-element\u00a0\u00bb bg_type=\u00a0\u00bbcolor\u00a0\u00bb font_color=\u00a0\u00bb#c6c6c6&Prime; [&hellip;]<\/p>\n","protected":false},"author":1,"featured_media":0,"parent":0,"menu_order":0,"comment_status":"closed","ping_status":"closed","template":"","meta":[],"yoast_head":"<!-- This site is optimized with the Yoast SEO plugin v14.9 - https:\/\/yoast.com\/wordpress\/plugins\/seo\/ -->\n<title>Groupe excellence conseil<\/title>\n<meta name=\"robots\" content=\"noindex, follow, max-snippet:-1, max-image-preview:large, max-video-preview:-1\" \/>\n<meta property=\"og:locale\" content=\"fr_CA\" \/>\n<meta property=\"og:type\" content=\"article\" \/>\n<meta property=\"og:title\" content=\"Groupe excellence conseil\" \/>\n<meta property=\"og:description\" content=\"[vc_row header_feature=\u00a0\u00bbyes\u00a0\u00bb padding_top=\u00a0\u00bb120&Prime; padding_bottom=\u00a0\u00bb120&Prime; margin_bottom=\u00a0\u00bb0&Prime;][vc_column][vc_column_text animation=\u00a0\u00bbfadeInLeft\u00a0\u00bb] L\u2019ex\u00e9cution strat\u00e9giqueL&rsquo;innovation en planification strat\u00e9gique [\/vc_column_text][vc_column_text text_style=\u00a0\u00bbleader-text\u00a0\u00bb animation=\u00a0\u00bbfadeInLeft\u00a0\u00bb animation_delay=\u00a0\u00bb250&Prime;]Que vous soyez en croissance, en hyper-croissance ou en restructuration, avoir les bonnes strat\u00e9gies et votre personnel align\u00e9 et mobilis\u00e9 est la meilleure fa\u00e7on d\u2019assurer votre succ\u00e8s.[\/vc_column_text][\/vc_column][\/vc_row][vc_row margin_bottom=\u00a0\u00bb0&Prime; padding_bottom=\u00a0\u00bb120&Prime;][vc_column width=\u00a0\u00bb1\/3&Prime;][\/vc_column][vc_column width=\u00a0\u00bb1\/3&Prime;][\/vc_column][vc_column width=\u00a0\u00bb1\/3&Prime;][\/vc_column][\/vc_row][vc_row section_type=\u00a0\u00bbfullwidth-element\u00a0\u00bb margin_bottom=\u00a0\u00bb0&Prime;][vc_column][\/vc_column][\/vc_row][vc_row padding_top=\u00a0\u00bb120&Prime; padding_bottom=\u00a0\u00bb120&Prime; margin_bottom=\u00a0\u00bb0&Prime;][vc_column][\/vc_column][\/vc_row][vc_row heading_color=\u00a0\u00bblight\u00a0\u00bb section_type=\u00a0\u00bbfullwidth-element\u00a0\u00bb bg_type=\u00a0\u00bbcolor\u00a0\u00bb font_color=\u00a0\u00bb#c6c6c6&Prime; [&hellip;]\" \/>\n<meta property=\"og:url\" content=\"https:\/\/gecstrategie.com\/\" \/>\n<meta property=\"og:site_name\" content=\"GEC strat\u00e9gie\" \/>\n<meta property=\"article:modified_time\" content=\"2020-09-29T17:44:10+00:00\" \/>\n<meta name=\"twitter:card\" content=\"summary_large_image\" \/>\n<script type=\"application\/ld+json\" class=\"yoast-schema-graph\">{\"@context\":\"https:\/\/schema.org\",\"@graph\":[{\"@type\":\"WebSite\",\"@id\":\"https:\/\/gecstrategie.com\/#website\",\"url\":\"https:\/\/gecstrategie.com\/\",\"name\":\"GEC strat\\u00e9gie\",\"description\":\"Un site utilisant WordPress\",\"potentialAction\":[{\"@type\":\"SearchAction\",\"target\":\"https:\/\/gecstrategie.com\/?s={search_term_string}\",\"query-input\":\"required name=search_term_string\"}],\"inLanguage\":\"fr-CA\"},{\"@type\":\"WebPage\",\"@id\":\"https:\/\/gecstrategie.com\/#webpage\",\"url\":\"https:\/\/gecstrategie.com\/\",\"name\":\"Groupe excellence conseil\",\"isPartOf\":{\"@id\":\"https:\/\/gecstrategie.com\/#website\"},\"datePublished\":\"2015-07-07T12:40:26+00:00\",\"dateModified\":\"2020-09-29T17:44:10+00:00\",\"inLanguage\":\"fr-CA\",\"potentialAction\":[{\"@type\":\"ReadAction\",\"target\":[\"https:\/\/gecstrategie.com\/\"]}]}]}<\/script>\n<!-- \/ Yoast SEO plugin. -->","_links":{"self":[{"href":"https:\/\/gecstrategie.com\/index.php?rest_route=\/wp\/v2\/pages\/2798"}],"collection":[{"href":"https:\/\/gecstrategie.com\/index.php?rest_route=\/wp\/v2\/pages"}],"about":[{"href":"https:\/\/gecstrategie.com\/index.php?rest_route=\/wp\/v2\/types\/page"}],"author":[{"embeddable":true,"href":"https:\/\/gecstrategie.com\/index.php?rest_route=\/wp\/v2\/users\/1"}],"replies":[{"embeddable":true,"href":"https:\/\/gecstrategie.com\/index.php?rest_route=%2Fwp%2Fv2%2Fcomments&post=2798"}],"version-history":[{"count":48,"href":"https:\/\/gecstrategie.com\/index.php?rest_route=\/wp\/v2\/pages\/2798\/revisions"}],"predecessor-version":[{"id":6333,"href":"https:\/\/gecstrategie.com\/index.php?rest_route=\/wp\/v2\/pages\/2798\/revisions\/6333"}],"wp:attachment":[{"href":"https:\/\/gecstrategie.com\/index.php?rest_route=%2Fwp%2Fv2%2Fmedia&parent=2798"}],"curies":[{"name":"wp","href":"https:\/\/api.w.org\/{rel}","templated":true}]}}